{"id":158,"date":"2010-12-09T00:05:54","date_gmt":"2010-12-08T22:05:54","guid":{"rendered":"http:\/\/www.attergauerliedertafel.at\/index.php\/"},"modified":"2022-11-06T18:17:06","modified_gmt":"2022-11-06T16:17:06","slug":"probetermine","status":"publish","type":"page","link":"http:\/\/www.attergauerliedertafel.at\/index.php\/probetermine\/","title":{"rendered":"Probetermine\/S\u00e4ngerinfo"},"content":{"rendered":"<p>Die Proben der Liedertafel finden wieder regelm\u00e4\u00dfig jeden Donnerstag um 20:00 im Haus der Kultur statt<\/p>\n","protected":false},"excerpt":{"rendered":"<p>Die Proben der Liedertafel finden wieder regelm\u00e4\u00dfig jeden Donnerstag um 20:00 im Haus der Kultur statt<\/p>\n","protected":false},"author":1,"featured_media":0,"parent":0,"menu_order":0,"comment_status":"open","ping_status":"open","template":"","meta":[],"_links":{"self":[{"href":"http:\/\/www.attergauerliedertafel.at\/index.php\/wp-json\/wp\/v2\/pages\/158"}],"collection":[{"href":"http:\/\/www.attergauerliedertafel.at\/index.php\/wp-json\/wp\/v2\/pages"}],"about":[{"href":"http:\/\/www.attergauerliedertafel.at\/index.php\/wp-json\/wp\/v2\/types\/page"}],"author":[{"embeddable":true,"href":"http:\/\/www.attergauerliedertafel.at\/index.php\/wp-json\/wp\/v2\/users\/1"}],"replies":[{"embeddable":true,"href":"http:\/\/www.attergauerliedertafel.at\/index.php\/wp-json\/wp\/v2\/comments?post=158"}],"version-history":[{"count":227,"href":"http:\/\/www.attergauerliedertafel.at\/index.php\/wp-json\/wp\/v2\/pages\/158\/revisions"}],"predecessor-version":[{"id":1546,"href":"http:\/\/www.attergauerliedertafel.at\/index.php\/wp-json\/wp\/v2\/pages\/158\/revisions\/1546"}],"wp:attachment":[{"href":"http:\/\/www.attergauerliedertafel.at\/index.php\/wp-json\/wp\/v2\/media?parent=158"}],"curies":[{"name":"wp","href":"https:\/\/api.w.org\/{rel}","templated":true}]}}